{"id":848,"date":"2016-11-21T15:22:24","date_gmt":"2016-11-21T13:22:24","guid":{"rendered":"http:\/\/www.lenastoehrfaktor.de\/?page_id=848"},"modified":"2018-09-09T16:05:24","modified_gmt":"2018-09-09T14:05:24","slug":"shop-neu","status":"publish","type":"page","link":"https:\/\/www.lenastoehrfaktor.de\/?page_id=848","title":{"rendered":"SHOP"},"content":{"rendered":"<div id=\"pl-848\"  class=\"panel-layout\" ><div id=\"pg-848-0\"  class=\"panel-grid panel-has-style\" ><div style=\"padding: 100px 0; \" data-overlay=\"true\" data-overlay-color=\"#000000\" class=\"panel-row-style panel-row-style-for-848-0\" ><div id=\"pgc-848-0-0\"  class=\"panel-grid-cell\" ><div id=\"panel-848-0-0-0\" class=\"so-panel widget widget_sow-editor panel-first-child panel-last-child\" data-index=\"0\" ><div style=\"text-align: left;\" data-title-color=\"#443f3f\" data-headings-color=\"#443f3f\" class=\"panel-widget-style panel-widget-style-for-848-0-0-0\" ><div\n\t\t\t\n\t\t\tclass=\"so-widget-sow-editor so-widget-sow-editor-base\"\n\t\t\t\n\t\t>\n<div class=\"siteorigin-widget-tinymce textwidget\">\n\t<p style=\"text-align: center;\"><strong>Hier k\u00f6nnt ihr Mucke und Shirts von Lena Stoehrfaktor bestellen. Klickt auf den \"BESTELLEN\"-Knopf (Es \u00f6ffnet sich das Fenster zu eurem Mailprogramm) oder schickt eine Mail an: lenastoehrfaktor[\u00e4t]posteo.de. Beachtet bitte, dass die Versandkosten f\u00fcr CD oder Shirt 2\u20ac betragen, f\u00fcr Vinyl 4,50.<\/strong><\/p>\n<\/div>\n<\/div><\/div><\/div><\/div><\/div><\/div><div id=\"pg-848-1\"  class=\"panel-grid panel-has-style\" ><div style=\"padding: 100px 0; \" data-overlay=\"true\" data-overlay-color=\"#000000\" class=\"panel-row-style panel-row-style-for-848-1\" ><div id=\"pgc-848-1-0\"  class=\"panel-grid-cell\" ><div id=\"panel-848-1-0-0\" class=\"so-panel widget widget_sow-image panel-first-child panel-last-child\" data-index=\"1\" ><div style=\"text-align: left;\" data-title-color=\"#443f3f\" data-headings-color=\"#443f3f\" class=\"panel-widget-style panel-widget-style-for-848-1-0-0\" ><div\n\t\t\t\n\t\t\tclass=\"so-widget-sow-image so-widget-sow-image-default-d6014b76747a-848\"\n\t\t\t\n\t\t>\n\n<div class=\"sow-image-container\">\n\t\t<img src=\"https:\/\/www.lenastoehrfaktor.de\/wp-content\/uploads\/2018\/05\/Blei-Lena-Stoehrfaktor_klein.jpg\" width=\"1000\" height=\"983\" srcset=\"https:\/\/www.lenastoehrfaktor.de\/wp-content\/uploads\/2018\/05\/Blei-Lena-Stoehrfaktor_klein.jpg 1000w, https:\/\/www.lenastoehrfaktor.de\/wp-content\/uploads\/2018\/05\/Blei-Lena-Stoehrfaktor_klein-300x295.jpg 300w, https:\/\/www.lenastoehrfaktor.de\/wp-content\/uploads\/2018\/05\/Blei-Lena-Stoehrfaktor_klein-768x755.jpg 768w, https:\/\/www.lenastoehrfaktor.de\/wp-content\/uploads\/2018\/05\/Blei-Lena-Stoehrfaktor_klein-830x816.jpg 830w, https:\/\/www.lenastoehrfaktor.de\/wp-content\/uploads\/2018\/05\/Blei-Lena-Stoehrfaktor_klein-230x226.jpg 230w, https:\/\/www.lenastoehrfaktor.de\/wp-content\/uploads\/2018\/05\/Blei-Lena-Stoehrfaktor_klein-350x344.jpg 350w, https:\/\/www.lenastoehrfaktor.de\/wp-content\/uploads\/2018\/05\/Blei-Lena-Stoehrfaktor_klein-480x472.jpg 480w\" sizes=\"(max-width: 1000px) 100vw, 1000px\" title=\"Blei &#8211; Lena Stoehrfaktor_klein\" alt=\"\" loading=\"lazy\" \t\tclass=\"so-widget-image\"\/>\n\t<\/div>\n\n<\/div><\/div><\/div><\/div><div id=\"pgc-848-1-1\"  class=\"panel-grid-cell\" ><div id=\"panel-848-1-1-0\" class=\"so-panel widget widget_sydney_action sydney_action_widget panel-first-child panel-last-child\" data-index=\"2\" ><div style=\"text-align: left;\" data-title-color=\"#00ffff\" data-headings-color=\"#00ffff\" class=\"panel-widget-style panel-widget-style-for-848-1-1-0\" ><h3 class=\"widget-title\">BLEI<\/h3>        <div class=\"roll-promobox \">\r\n\t\t\t<div class=\"promo-wrap\">\r\n\t\t\t\t\t\t\t\t<div class=\"promo-content\">\r\n\t\t\t\t\t<h3 class=\"title\">CD 5-10\u20ac (nach Selbsteinsch\u00e4tzung) zzgl. Versand | Vinyl 12+4,50<\/h3>\r\n\t\t\t\t<\/div>\r\n\t\t\t\t\t\t\t\t<div class=\"promo-controls\">\r\n\t\t\t\t\t<a href=\"mailto:lenastoehrfaktor@posteo.de\" class=\"roll-button border\">bestellen<\/a>\r\n\t\t\t\t<\/div>\r\n\t\t\t<\/div>\r\n        <\/div>\r\n\t<\/div><\/div><\/div><\/div><\/div><div id=\"pg-848-2\"  class=\"panel-grid panel-has-style\" ><div style=\"padding: 100px 0; \" data-overlay=\"true\" data-overlay-color=\"#000000\" class=\"panel-row-style panel-row-style-for-848-2\" ><div id=\"pgc-848-2-0\"  class=\"panel-grid-cell\" ><div id=\"panel-848-2-0-0\" class=\"so-panel widget widget_sow-image panel-first-child panel-last-child\" data-index=\"3\" ><div style=\"text-align: left;\" data-title-color=\"#443f3f\" data-headings-color=\"#443f3f\" class=\"panel-widget-style panel-widget-style-for-848-2-0-0\" ><div\n\t\t\t\n\t\t\tclass=\"so-widget-sow-image so-widget-sow-image-default-d6014b76747a-848\"\n\t\t\t\n\t\t>\n\n<div class=\"sow-image-container\">\n\t\t<img alt=\"\" loading=\"lazy\" \t\tclass=\"so-widget-image\"\/>\n\t<\/div>\n\n<\/div><\/div><\/div><\/div><div id=\"pgc-848-2-1\"  class=\"panel-grid-cell\" ><div id=\"panel-848-2-1-0\" class=\"so-panel widget widget_sydney_action sydney_action_widget panel-first-child panel-last-child\" data-index=\"4\" ><div style=\"text-align: left;\" data-title-color=\"#00ffff\" data-headings-color=\"#00ffff\" class=\"panel-widget-style panel-widget-style-for-848-2-1-0\" ><h3 class=\"widget-title\">Lena Stoehrfaktor und das Rattenkabinett<\/h3>        <div class=\"roll-promobox \">\r\n\t\t\t<div class=\"promo-wrap\">\r\n\t\t\t\t\t\t\t\t<div class=\"promo-content\">\r\n\t\t\t\t\t<h3 class=\"title\">VINYL 12\u20ac  \nzzgl. Versand<\/h3>\r\n\t\t\t\t<\/div>\r\n\t\t\t\t\t\t\t\t<div class=\"promo-controls\">\r\n\t\t\t\t\t<a href=\"mailto:lenastoehrfaktor@posteo.de\" class=\"roll-button border\">bestellen<\/a>\r\n\t\t\t\t<\/div>\r\n\t\t\t<\/div>\r\n        <\/div>\r\n\t<\/div><\/div><\/div><\/div><\/div><div id=\"pg-848-3\"  class=\"panel-grid panel-has-style\" ><div style=\"padding: 100px 0; \" data-overlay=\"true\" data-overlay-color=\"#000000\" class=\"panel-row-style panel-row-style-for-848-3\" ><div id=\"pgc-848-3-0\"  class=\"panel-grid-cell\" ><div id=\"panel-848-3-0-0\" class=\"so-panel widget widget_sow-image panel-first-child panel-last-child\" data-index=\"5\" ><div style=\"text-align: left;\" data-title-color=\"#443f3f\" data-headings-color=\"#443f3f\" class=\"panel-widget-style panel-widget-style-for-848-3-0-0\" ><div\n\t\t\t\n\t\t\tclass=\"so-widget-sow-image so-widget-sow-image-default-d6014b76747a-848\"\n\t\t\t\n\t\t>\n\n<div class=\"sow-image-container\">\n\t\t<img src=\"https:\/\/www.lenastoehrfaktor.de\/wp-content\/uploads\/2016\/11\/solo_imkeller.jpg\" width=\"500\" height=\"500\" srcset=\"https:\/\/www.lenastoehrfaktor.de\/wp-content\/uploads\/2016\/11\/solo_imkeller.jpg 500w, https:\/\/www.lenastoehrfaktor.de\/wp-content\/uploads\/2016\/11\/solo_imkeller-150x150.jpg 150w, https:\/\/www.lenastoehrfaktor.de\/wp-content\/uploads\/2016\/11\/solo_imkeller-300x300.jpg 300w, https:\/\/www.lenastoehrfaktor.de\/wp-content\/uploads\/2016\/11\/solo_imkeller-230x230.jpg 230w, https:\/\/www.lenastoehrfaktor.de\/wp-content\/uploads\/2016\/11\/solo_imkeller-350x350.jpg 350w, https:\/\/www.lenastoehrfaktor.de\/wp-content\/uploads\/2016\/11\/solo_imkeller-480x480.jpg 480w, https:\/\/www.lenastoehrfaktor.de\/wp-content\/uploads\/2016\/11\/solo_imkeller-100x100.jpg 100w, https:\/\/www.lenastoehrfaktor.de\/wp-content\/uploads\/2016\/11\/solo_imkeller-200x200.jpg 200w\" sizes=\"(max-width: 500px) 100vw, 500px\" alt=\"\" loading=\"lazy\" \t\tclass=\"so-widget-image\"\/>\n\t<\/div>\n\n<\/div><\/div><\/div><\/div><div id=\"pgc-848-3-1\"  class=\"panel-grid-cell\" ><div id=\"panel-848-3-1-0\" class=\"so-panel widget widget_sydney_action sydney_action_widget panel-first-child panel-last-child\" data-index=\"6\" ><div style=\"text-align: left;\" data-title-color=\"#00ffff\" data-headings-color=\"#00ffff\" class=\"panel-widget-style panel-widget-style-for-848-3-1-0\" ><h3 class=\"widget-title\">Gott im Himmel, Leichen im Keller<\/h3>        <div class=\"roll-promobox \">\r\n\t\t\t<div class=\"promo-wrap\">\r\n\t\t\t\t\t\t\t\t<div class=\"promo-content\">\r\n\t\t\t\t\t<h3 class=\"title\">CD 5-10\u20ac (nach Selbsteinsch\u00e4tzung) | VINYL 12\u20ac | \nzzgl. Versand<\/h3>\r\n\t\t\t\t<\/div>\r\n\t\t\t\t\t\t\t\t<div class=\"promo-controls\">\r\n\t\t\t\t\t<a href=\"mailto:lenastoehrfaktor@posteo.de\" class=\"roll-button border\">bestellen<\/a>\r\n\t\t\t\t<\/div>\r\n\t\t\t<\/div>\r\n        <\/div>\r\n\t<\/div><\/div><\/div><\/div><\/div><div id=\"pg-848-4\"  class=\"panel-grid panel-has-style\" ><div style=\"padding: 100px 0; \" data-overlay=\"true\" data-overlay-color=\"#000000\" class=\"panel-row-style panel-row-style-for-848-4\" ><div id=\"pgc-848-4-0\"  class=\"panel-grid-cell\" ><div id=\"panel-848-4-0-0\" class=\"so-panel widget widget_sow-image panel-first-child panel-last-child\" data-index=\"7\" ><div style=\"text-align: left;\" data-title-color=\"#443f3f\" data-headings-color=\"#443f3f\" class=\"panel-widget-style panel-widget-style-for-848-4-0-0\" ><div\n\t\t\t\n\t\t\tclass=\"so-widget-sow-image so-widget-sow-image-default-d6014b76747a-848\"\n\t\t\t\n\t\t>\n\n<div class=\"sow-image-container\">\n\t\t<img src=\"https:\/\/www.lenastoehrfaktor.de\/wp-content\/uploads\/2016\/11\/Solo_gedanken.jpg\" width=\"500\" height=\"500\" srcset=\"https:\/\/www.lenastoehrfaktor.de\/wp-content\/uploads\/2016\/11\/Solo_gedanken.jpg 500w, https:\/\/www.lenastoehrfaktor.de\/wp-content\/uploads\/2016\/11\/Solo_gedanken-150x150.jpg 150w, https:\/\/www.lenastoehrfaktor.de\/wp-content\/uploads\/2016\/11\/Solo_gedanken-300x300.jpg 300w, https:\/\/www.lenastoehrfaktor.de\/wp-content\/uploads\/2016\/11\/Solo_gedanken-230x230.jpg 230w, https:\/\/www.lenastoehrfaktor.de\/wp-content\/uploads\/2016\/11\/Solo_gedanken-350x350.jpg 350w, https:\/\/www.lenastoehrfaktor.de\/wp-content\/uploads\/2016\/11\/Solo_gedanken-480x480.jpg 480w, https:\/\/www.lenastoehrfaktor.de\/wp-content\/uploads\/2016\/11\/Solo_gedanken-100x100.jpg 100w, https:\/\/www.lenastoehrfaktor.de\/wp-content\/uploads\/2016\/11\/Solo_gedanken-200x200.jpg 200w\" sizes=\"(max-width: 500px) 100vw, 500px\" title=\"solo_gedanken\" alt=\"\" loading=\"lazy\" \t\tclass=\"so-widget-image\"\/>\n\t<\/div>\n\n<\/div><\/div><\/div><\/div><div id=\"pgc-848-4-1\"  class=\"panel-grid-cell\" ><div id=\"panel-848-4-1-0\" class=\"so-panel widget widget_sydney_action sydney_action_widget panel-first-child panel-last-child\" data-index=\"8\" ><div style=\"text-align: left;\" data-title-color=\"#00ffff\" data-headings-color=\"#00ffff\" class=\"panel-widget-style panel-widget-style-for-848-4-1-0\" ><h3 class=\"widget-title\">Die Angst vor den Gedanken verlieren<\/h3>        <div class=\"roll-promobox \">\r\n\t\t\t<div class=\"promo-wrap\">\r\n\t\t\t\t\t\t\t\t<div class=\"promo-content\">\r\n\t\t\t\t\t<h3 class=\"title\">CD 5-10\u20ac (nach Selbsteinsch\u00e4tzung)<\/h3>\r\n\t\t\t\t<\/div>\r\n\t\t\t\t\t\t\t\t<div class=\"promo-controls\">\r\n\t\t\t\t\t<a href=\"mailto:lenastoehrfaktor@posteo.de\" class=\"roll-button border\">bestellen<\/a>\r\n\t\t\t\t<\/div>\r\n\t\t\t<\/div>\r\n        <\/div>\r\n\t<\/div><\/div><\/div><\/div><\/div><div id=\"pg-848-5\"  class=\"panel-grid panel-has-style\" ><div style=\"padding: 100px 0; \" data-overlay=\"true\" data-overlay-color=\"#000000\" class=\"panel-row-style panel-row-style-for-848-5\" ><div id=\"pgc-848-5-0\"  class=\"panel-grid-cell\" ><div id=\"panel-848-5-0-0\" class=\"so-panel widget widget_sow-image panel-first-child panel-last-child\" data-index=\"9\" ><div style=\"text-align: left;\" data-title-color=\"#443f3f\" data-headings-color=\"#443f3f\" class=\"panel-widget-style panel-widget-style-for-848-5-0-0\" ><div\n\t\t\t\n\t\t\tclass=\"so-widget-sow-image so-widget-sow-image-default-d6014b76747a-848\"\n\t\t\t\n\t\t>\n\n<div class=\"sow-image-container\">\n\t\t<img alt=\"\" loading=\"lazy\" \t\tclass=\"so-widget-image\"\/>\n\t<\/div>\n\n<\/div><\/div><\/div><\/div><div id=\"pgc-848-5-1\"  class=\"panel-grid-cell\" ><div id=\"panel-848-5-1-0\" class=\"so-panel widget widget_sydney_action sydney_action_widget panel-first-child panel-last-child\" data-index=\"10\" ><div style=\"text-align: left;\" data-title-color=\"#00ffff\" data-headings-color=\"#00ffff\" class=\"panel-widget-style panel-widget-style-for-848-5-1-0\" ><h3 class=\"widget-title\">Conexion Musical &#8222;Aus dem toten Winkel&#8220;<\/h3>        <div class=\"roll-promobox \">\r\n\t\t\t<div class=\"promo-wrap\">\r\n\t\t\t\t\t\t\t\t<div class=\"promo-content\">\r\n\t\t\t\t\t<h3 class=\"title\">CD 5-10\u20ac (nach Selbsteinsch\u00e4tzung) | VINYL 12\u20ac + 5\u20ac Versand<\/h3>\r\n\t\t\t\t<\/div>\r\n\t\t\t\t\t\t\t\t<div class=\"promo-controls\">\r\n\t\t\t\t\t<a href=\"mailto:lenastoehrfaktor@posteo.de\" class=\"roll-button border\">bestellen<\/a>\r\n\t\t\t\t<\/div>\r\n\t\t\t<\/div>\r\n        <\/div>\r\n\t<\/div><\/div><\/div><\/div><\/div><div id=\"pg-848-6\"  class=\"panel-grid panel-has-style\" ><div style=\"padding: 100px 0; \" data-overlay=\"true\" data-overlay-color=\"#000000\" class=\"panel-row-style panel-row-style-for-848-6\" ><div id=\"pgc-848-6-0\"  class=\"panel-grid-cell\" ><div id=\"panel-848-6-0-0\" class=\"so-panel widget widget_sow-image panel-first-child panel-last-child\" data-index=\"11\" ><div style=\"text-align: left;\" data-title-color=\"#443f3f\" data-headings-color=\"#443f3f\" class=\"panel-widget-style panel-widget-style-for-848-6-0-0\" ><div\n\t\t\t\n\t\t\tclass=\"so-widget-sow-image so-widget-sow-image-default-d6014b76747a-848\"\n\t\t\t\n\t\t>\n\n<div class=\"sow-image-container\">\n\t\t<img src=\"https:\/\/www.lenastoehrfaktor.de\/wp-content\/uploads\/2016\/11\/solo_hinterstehen.jpg\" width=\"500\" height=\"500\" srcset=\"https:\/\/www.lenastoehrfaktor.de\/wp-content\/uploads\/2016\/11\/solo_hinterstehen.jpg 500w, https:\/\/www.lenastoehrfaktor.de\/wp-content\/uploads\/2016\/11\/solo_hinterstehen-150x150.jpg 150w, https:\/\/www.lenastoehrfaktor.de\/wp-content\/uploads\/2016\/11\/solo_hinterstehen-300x300.jpg 300w, https:\/\/www.lenastoehrfaktor.de\/wp-content\/uploads\/2016\/11\/solo_hinterstehen-230x230.jpg 230w, https:\/\/www.lenastoehrfaktor.de\/wp-content\/uploads\/2016\/11\/solo_hinterstehen-350x350.jpg 350w, https:\/\/www.lenastoehrfaktor.de\/wp-content\/uploads\/2016\/11\/solo_hinterstehen-480x480.jpg 480w, https:\/\/www.lenastoehrfaktor.de\/wp-content\/uploads\/2016\/11\/solo_hinterstehen-100x100.jpg 100w, https:\/\/www.lenastoehrfaktor.de\/wp-content\/uploads\/2016\/11\/solo_hinterstehen-200x200.jpg 200w\" sizes=\"(max-width: 500px) 100vw, 500px\" alt=\"\" loading=\"lazy\" \t\tclass=\"so-widget-image\"\/>\n\t<\/div>\n\n<\/div><\/div><\/div><\/div><div id=\"pgc-848-6-1\"  class=\"panel-grid-cell\" ><div id=\"panel-848-6-1-0\" class=\"so-panel widget widget_sydney_action sydney_action_widget panel-first-child panel-last-child\" data-index=\"12\" ><div style=\"text-align: left;\" data-title-color=\"#00ffff\" data-headings-color=\"#00ffff\" class=\"panel-widget-style panel-widget-style-for-848-6-1-0\" ><h3 class=\"widget-title\">Nicht warten sich hinten anstellen zu k\u00f6nnen um hinter etwas zu stehen<\/h3>        <div class=\"roll-promobox \">\r\n\t\t\t<div class=\"promo-wrap\">\r\n\t\t\t\t\t\t\t\t<div class=\"promo-content\">\r\n\t\t\t\t\t<h3 class=\"title\">CD 5-10\u20ac (nach Selbsteinsch\u00e4tzung)<\/h3>\r\n\t\t\t\t<\/div>\r\n\t\t\t\t\t\t\t\t<div class=\"promo-controls\">\r\n\t\t\t\t\t<a href=\"mailto:lenastoehrfaktor@posteo.de\" class=\"roll-button border\">bestellen<\/a>\r\n\t\t\t\t<\/div>\r\n\t\t\t<\/div>\r\n        <\/div>\r\n\t<\/div><\/div><\/div><\/div><\/div><div id=\"pg-848-7\"  class=\"panel-grid panel-has-style\" ><div style=\"padding: 100px 0; \" data-overlay=\"true\" class=\"panel-row-style panel-row-style-for-848-7\" ><div id=\"pgc-848-7-0\"  class=\"panel-grid-cell\" ><div id=\"panel-848-7-0-0\" class=\"so-panel widget widget_sow-slider panel-first-child panel-last-child\" data-index=\"13\" ><div style=\"text-align: left;\" data-title-color=\"#443f3f\" data-headings-color=\"#443f3f\" class=\"panel-widget-style panel-widget-style-for-848-7-0-0\" ><div\n\t\t\t\n\t\t\tclass=\"so-widget-sow-slider so-widget-sow-slider-default-53fd0f98de19-848\"\n\t\t\t\n\t\t><div class=\"sow-slider-base\" style=\"display: none\"><ul\n\t\t\t\t\tclass=\"sow-slider-images\"\n\t\t\t\t\tdata-settings=\"{&quot;pagination&quot;:true,&quot;speed&quot;:300,&quot;timeout&quot;:8000,&quot;paused&quot;:false,&quot;pause_on_hover&quot;:false,&quot;swipe&quot;:true,&quot;nav_always_show_desktop&quot;:&quot;&quot;,&quot;nav_always_show_mobile&quot;:&quot;&quot;,&quot;breakpoint&quot;:&quot;780px&quot;,&quot;unmute&quot;:false,&quot;anchor&quot;:null}\"\n\t\t\t\t\t\t\t\t\t\tdata-anchor-id=\"\"\n\t\t\t\t>\t\t<li class=\"sow-slider-image  sow-slider-image-cover\" style=\"background-image: url(https:\/\/www.lenastoehrfaktor.de\/wp-content\/uploads\/2018\/05\/shirtwei\u00df.jpg)\" >\n\t\t\t\t\t\t\t\t\t<img width=\"484\" height=\"646\" src=\"https:\/\/www.lenastoehrfaktor.de\/wp-content\/uploads\/2018\/05\/shirtwei\u00df.jpg\" class=\"sow-slider-background-image skip-lazy\" alt=\"\" decoding=\"async\" loading=\"eager\" srcset=\"https:\/\/www.lenastoehrfaktor.de\/wp-content\/uploads\/2018\/05\/shirtwei\u00df.jpg 484w, https:\/\/www.lenastoehrfaktor.de\/wp-content\/uploads\/2018\/05\/shirtwei\u00df-225x300.jpg 225w, https:\/\/www.lenastoehrfaktor.de\/wp-content\/uploads\/2018\/05\/shirtwei\u00df-230x307.jpg 230w, https:\/\/www.lenastoehrfaktor.de\/wp-content\/uploads\/2018\/05\/shirtwei\u00df-350x467.jpg 350w, https:\/\/www.lenastoehrfaktor.de\/wp-content\/uploads\/2018\/05\/shirtwei\u00df-480x641.jpg 480w\" sizes=\"(max-width: 484px) 100vw, 484px\" \/>\t\t\t\t\t\t\t\t<\/li>\n\t\t\t\t<li class=\"sow-slider-image  sow-slider-image-cover\" style=\"background-image: url(https:\/\/www.lenastoehrfaktor.de\/wp-content\/uploads\/2018\/09\/lenaneuesshirt.jpg)\" >\n\t\t\t\t\t\t\t\t\t<img width=\"385\" height=\"385\" src=\"https:\/\/www.lenastoehrfaktor.de\/wp-content\/uploads\/2018\/09\/lenaneuesshirt.jpg\" class=\"sow-slider-background-image skip-lazy\" alt=\"\" decoding=\"async\" loading=\"eager\" srcset=\"https:\/\/www.lenastoehrfaktor.de\/wp-content\/uploads\/2018\/09\/lenaneuesshirt.jpg 385w, https:\/\/www.lenastoehrfaktor.de\/wp-content\/uploads\/2018\/09\/lenaneuesshirt-150x150.jpg 150w, https:\/\/www.lenastoehrfaktor.de\/wp-content\/uploads\/2018\/09\/lenaneuesshirt-300x300.jpg 300w, https:\/\/www.lenastoehrfaktor.de\/wp-content\/uploads\/2018\/09\/lenaneuesshirt-230x230.jpg 230w, https:\/\/www.lenastoehrfaktor.de\/wp-content\/uploads\/2018\/09\/lenaneuesshirt-350x350.jpg 350w, https:\/\/www.lenastoehrfaktor.de\/wp-content\/uploads\/2018\/09\/lenaneuesshirt-100x100.jpg 100w, https:\/\/www.lenastoehrfaktor.de\/wp-content\/uploads\/2018\/09\/lenaneuesshirt-200x200.jpg 200w\" sizes=\"(max-width: 385px) 100vw, 385px\" \/>\t\t\t\t\t\t\t\t<\/li>\n\t\t<\/ul>\t\t\t\t<ol class=\"sow-slider-pagination\">\n\t\t\t\t\t\t\t\t\t\t\t<li><a href=\"#\" data-goto=\"0\" aria-label=\"display slide 1\"><\/a><\/li>\n\t\t\t\t\t\t\t\t\t\t\t<li><a href=\"#\" data-goto=\"1\" aria-label=\"display slide 2\"><\/a><\/li>\n\t\t\t\t\t\t\t\t\t<\/ol>\n\n\t\t\t\t<div class=\"sow-slide-nav sow-slide-nav-next\">\n\t\t\t\t\t<a href=\"#\" data-goto=\"next\" aria-label=\"next slide\" data-action=\"next\">\n\t\t\t\t\t\t<em class=\"sow-sld-icon-thin-right\"><\/em>\n\t\t\t\t\t<\/a>\n\t\t\t\t<\/div>\n\n\t\t\t\t<div class=\"sow-slide-nav sow-slide-nav-prev\">\n\t\t\t\t\t<a href=\"#\" data-goto=\"previous\" aria-label=\"previous slide\" data-action=\"prev\">\n\t\t\t\t\t\t<em class=\"sow-sld-icon-thin-left\"><\/em>\n\t\t\t\t\t<\/a>\n\t\t\t\t<\/div>\n\t\t\t\t<\/div><\/div><\/div><\/div><\/div><div id=\"pgc-848-7-1\"  class=\"panel-grid-cell\" ><div id=\"panel-848-7-1-0\" class=\"so-panel widget widget_sydney_action sydney_action_widget panel-first-child panel-last-child\" data-index=\"14\" ><div style=\"text-align: left;\" data-title-color=\"#00ffff\" data-headings-color=\"#00ffff\" class=\"panel-widget-style panel-widget-style-for-848-7-1-0\" ><h3 class=\"widget-title\">Lena Stoehrfaktor-Shirts<\/h3>        <div class=\"roll-promobox \">\r\n\t\t\t<div class=\"promo-wrap\">\r\n\t\t\t\t\t\t\t\t<div class=\"promo-content\">\r\n\t\t\t\t\t<h3 class=\"title\">EP01 und EP 04 Shirt aus Biobaumwolle\n\ntalliert und untalliert, gr\u00f6\u00dfen s-xl\nErh\u00e4ltlich in schwarz und wei\u00df\n\nShirt 12\u20ac zzgl. Versand<\/h3>\r\n\t\t\t\t<\/div>\r\n\t\t\t\t\t\t\t\t<div class=\"promo-controls\">\r\n\t\t\t\t\t<a href=\"mailto:lenastoehrfaktor@posteo.de\" class=\"roll-button border\">bestellen<\/a>\r\n\t\t\t\t<\/div>\r\n\t\t\t<\/div>\r\n        <\/div>\r\n\t<\/div><\/div><\/div><\/div><\/div><div id=\"pg-848-8\"  class=\"panel-grid panel-has-style\" ><div style=\"padding: 100px 0; \" data-overlay=\"true\" data-overlay-color=\"#000000\" class=\"panel-row-style panel-row-style-for-848-8\" ><div id=\"pgc-848-8-0\"  class=\"panel-grid-cell panel-grid-cell-empty\" ><\/div><div id=\"pgc-848-8-1\"  class=\"panel-grid-cell panel-grid-cell-mobile-last\" ><div id=\"panel-848-8-1-0\" class=\"so-panel widget widget_text panel-first-child panel-last-child\" data-index=\"15\" ><div style=\"text-align: left;\" data-title-color=\"#443f3f\" data-headings-color=\"#443f3f\" class=\"panel-widget-style panel-widget-style-for-848-8-1-0\" >\t\t\t<div class=\"textwidget\">Keine Ausweisung der Mehrwertsteuer gem\u00e4\u00df \u00a719 UStG<\/div>\n\t\t<\/div><\/div><\/div><div id=\"pgc-848-8-2\"  class=\"panel-grid-cell panel-grid-cell-empty\" ><\/div><\/div><\/div><\/div>","protected":false},"excerpt":{"rendered":"<p>Hier k\u00f6nnt ihr Mucke und Shirts von Lena Stoehrfaktor bestellen. Klickt auf [&hellip;]<\/p>\n","protected":false},"author":1,"featured_media":0,"parent":0,"menu_order":0,"comment_status":"closed","ping_status":"closed","template":"page-templates\/page_fullwidth.php","meta":[],"_links":{"self":[{"href":"https:\/\/www.lenastoehrfaktor.de\/index.php?rest_route=\/wp\/v2\/pages\/848"}],"collection":[{"href":"https:\/\/www.lenastoehrfaktor.de\/index.php?rest_route=\/wp\/v2\/pages"}],"about":[{"href":"https:\/\/www.lenastoehrfaktor.de\/index.php?rest_route=\/wp\/v2\/types\/page"}],"author":[{"embeddable":true,"href":"https:\/\/www.lenastoehrfaktor.de\/index.php?rest_route=\/wp\/v2\/users\/1"}],"replies":[{"embeddable":true,"href":"https:\/\/www.lenastoehrfaktor.de\/index.php?rest_route=%2Fwp%2Fv2%2Fcomments&post=848"}],"version-history":[{"count":30,"href":"https:\/\/www.lenastoehrfaktor.de\/index.php?rest_route=\/wp\/v2\/pages\/848\/revisions"}],"predecessor-version":[{"id":923,"href":"https:\/\/www.lenastoehrfaktor.de\/index.php?rest_route=\/wp\/v2\/pages\/848\/revisions\/923"}],"wp:attachment":[{"href":"https:\/\/www.lenastoehrfaktor.de\/index.php?rest_route=%2Fwp%2Fv2%2Fmedia&parent=848"}],"curies":[{"name":"wp","href":"https:\/\/api.w.org\/{rel}","templated":true}]}}