{"id":71,"date":"2013-08-02T14:48:53","date_gmt":"2013-08-02T12:48:53","guid":{"rendered":"http:\/\/www.lenastoehrfaktor.de\/?page_id=71"},"modified":"2025-02-05T19:22:38","modified_gmt":"2025-02-05T17:22:38","slug":"biographie","status":"publish","type":"page","link":"https:\/\/www.lenastoehrfaktor.de\/?page_id=71","title":{"rendered":"\u00dcBER MICH"},"content":{"rendered":"<div id=\"pl-71\"  class=\"panel-layout\" ><div id=\"pg-71-0\"  class=\"panel-grid panel-has-style\" ><div style=\"padding: 100px 0; \" data-overlay=\"true\" class=\"panel-row-style panel-row-style-for-71-0\" ><div id=\"pgc-71-0-0\"  class=\"panel-grid-cell\" ><div id=\"panel-71-0-0-0\" class=\"so-panel widget widget_sow-editor panel-first-child panel-last-child\" data-index=\"0\" ><div style=\"text-align: left;\" data-title-color=\"#443f3f\" data-headings-color=\"#443f3f\" class=\"panel-widget-style panel-widget-style-for-71-0-0-0\" ><div\n\t\t\t\n\t\t\tclass=\"so-widget-sow-editor so-widget-sow-editor-base\"\n\t\t\t\n\t\t><h3 class=\"widget-title\">\u00dcber mich<\/h3>\n<div class=\"siteorigin-widget-tinymce textwidget\">\n\t<p><img decoding=\"async\" loading=\"lazy\" class=\"aligncenter wp-image-1378 size-large\" src=\"https:\/\/www.lenastoehrfaktor.de\/wp-content\/uploads\/2023\/09\/B65A7499-2-1024x682.jpg\" alt=\"\" width=\"1024\" height=\"682\" srcset=\"https:\/\/www.lenastoehrfaktor.de\/wp-content\/uploads\/2023\/09\/B65A7499-2-1024x682.jpg 1024w, https:\/\/www.lenastoehrfaktor.de\/wp-content\/uploads\/2023\/09\/B65A7499-2-300x200.jpg 300w, https:\/\/www.lenastoehrfaktor.de\/wp-content\/uploads\/2023\/09\/B65A7499-2-768x512.jpg 768w, https:\/\/www.lenastoehrfaktor.de\/wp-content\/uploads\/2023\/09\/B65A7499-2-1000x666.jpg 1000w, https:\/\/www.lenastoehrfaktor.de\/wp-content\/uploads\/2023\/09\/B65A7499-2-230x153.jpg 230w, https:\/\/www.lenastoehrfaktor.de\/wp-content\/uploads\/2023\/09\/B65A7499-2-350x233.jpg 350w, https:\/\/www.lenastoehrfaktor.de\/wp-content\/uploads\/2023\/09\/B65A7499-2-480x320.jpg 480w, https:\/\/www.lenastoehrfaktor.de\/wp-content\/uploads\/2023\/09\/B65A7499-2-272x182.jpg 272w, https:\/\/www.lenastoehrfaktor.de\/wp-content\/uploads\/2023\/09\/B65A7499-2.jpg 1400w\" sizes=\"(max-width: 1024px) 100vw, 1024px\" \/><\/p>\n<p><i>Foto: d.nietze Fotografie <\/i><\/p>\n<p><i>Authentizit\u00e4t<\/i>, <i>Hartn\u00e4ckigkeit <\/i>und <i>Haltung zeigen <\/i>sind f\u00fcr <b>Lena Stoehrfaktor <\/b>mehr als nur Floskeln - sie sind das Credo einer unerm\u00fcdlichen K\u00fcnstlerin, die sich seit Beginn der 2000er Jahre f\u00fcr den Berliner Untergrund stark macht. Die Musikerin mit Liebe zum Oldschool-Rap wei\u00df genau, worauf es ankommt: Auf der einen Seite betrachtet sie fein analytisch gesellschaftliche Missst\u00e4nde, statt sie unter den Teppich zu kehren, auf der anderen Seite wiederum verteilt sie frei Schnauze eine Punchline nach der anderen. Lena Stoehrfaktor geht nicht nur durch die Berliner Stra\u00dfen - sie kratzt f\u00f6rmlich an ihrer Oberfl\u00e4che, um den Dreck sichtbar zu machen. Ihr brandneues Album \u201e Pretty World\u201c\u00a0 wartet darauf\u00a0 live performed zu werden.<\/p>\n<p>Scheppernder Boombap vom Feinsten, so wie es sich geh\u00f6rt.<\/p>\n<p><span class=\"Apple-converted-space\">Scheppernder Boombap vom Feinsten, so wie es sich geh\u00f6rt. Live wird nat\u00fcrlich alles abgefackelt,\u00a0<\/span><span class=\"Apple-converted-space\">ob mit Laptop\u00a0oder in der extended Version mit DJ und Drums, immer sehenswert!<\/span><\/p>\n<p>&nbsp;<\/p>\n<p style=\"text-align: center;\">Mehr \u00fcber <b>Lena Stoehrfaktor<\/b> bei Wikipedia:<\/p>\n<p style=\"text-align: center;\"><a href=\"https:\/\/de.wikipedia.org\/wiki\/Lena_Stoehrfaktor\" target=\"_blank\" rel=\"noopener\">https:\/\/wikipedia.org\/wiki\/Lena_Stoehrfaktor<\/a><\/p>\n<p>&nbsp;<\/p>\n<\/div>\n<\/div><\/div><\/div><\/div><div id=\"pgc-71-0-1\"  class=\"panel-grid-cell\" ><div id=\"panel-71-0-1-0\" class=\"so-panel widget widget_sow-slider panel-first-child panel-last-child\" data-index=\"1\" ><div style=\"text-align: left;\" data-title-color=\"#443f3f\" data-headings-color=\"#443f3f\" class=\"panel-widget-style panel-widget-style-for-71-0-1-0\" ><div\n\t\t\t\n\t\t\tclass=\"so-widget-sow-slider so-widget-sow-slider-default-53fd0f98de19-71\"\n\t\t\t\n\t\t><div class=\"sow-slider-base\" style=\"display: none\"><ul\n\t\t\t\t\tclass=\"sow-slider-images\"\n\t\t\t\t\tdata-settings=\"{&quot;pagination&quot;:true,&quot;speed&quot;:800,&quot;timeout&quot;:8000,&quot;paused&quot;:false,&quot;pause_on_hover&quot;:false,&quot;swipe&quot;:true,&quot;nav_always_show_desktop&quot;:&quot;&quot;,&quot;nav_always_show_mobile&quot;:&quot;&quot;,&quot;breakpoint&quot;:&quot;780px&quot;,&quot;unmute&quot;:false,&quot;anchor&quot;:null}\"\n\t\t\t\t\t\t\t\t\t\tdata-anchor-id=\"\"\n\t\t\t\t>\t\t<li class=\"sow-slider-image\" style=\"\" >\n\t\t\t\t\t\t\t\t\t\t\t\t\t\t\t\t\t<\/li>\n\t\t\t\t<li class=\"sow-slider-image  sow-slider-image-cover\" style=\"background-image: url(https:\/\/www.lenastoehrfaktor.de\/wp-content\/uploads\/2017\/09\/lena_bio.jpg)\" >\n\t\t\t\t\t\t\t\t\t<img width=\"800\" height=\"860\" src=\"https:\/\/www.lenastoehrfaktor.de\/wp-content\/uploads\/2017\/09\/lena_bio.jpg\" class=\"sow-slider-background-image skip-lazy\" alt=\"\" decoding=\"async\" loading=\"eager\" srcset=\"https:\/\/www.lenastoehrfaktor.de\/wp-content\/uploads\/2017\/09\/lena_bio.jpg 800w, https:\/\/www.lenastoehrfaktor.de\/wp-content\/uploads\/2017\/09\/lena_bio-279x300.jpg 279w, https:\/\/www.lenastoehrfaktor.de\/wp-content\/uploads\/2017\/09\/lena_bio-768x826.jpg 768w, https:\/\/www.lenastoehrfaktor.de\/wp-content\/uploads\/2017\/09\/lena_bio-230x247.jpg 230w, https:\/\/www.lenastoehrfaktor.de\/wp-content\/uploads\/2017\/09\/lena_bio-350x376.jpg 350w, https:\/\/www.lenastoehrfaktor.de\/wp-content\/uploads\/2017\/09\/lena_bio-480x516.jpg 480w\" sizes=\"(max-width: 800px) 100vw, 800px\" \/>\t\t\t\t\t\t\t\t<\/li>\n\t\t\t\t<li class=\"sow-slider-image\" style=\"\" >\n\t\t\t\t\t\t\t\t\t\t\t\t\t\t\t\t\t<\/li>\n\t\t\t\t<li class=\"sow-slider-image  sow-slider-image-cover\" style=\"background-image: url(https:\/\/www.lenastoehrfaktor.de\/wp-content\/uploads\/2016\/11\/slider4.jpg)\" >\n\t\t\t\t\t\t\t\t\t<img width=\"960\" height=\"844\" src=\"https:\/\/www.lenastoehrfaktor.de\/wp-content\/uploads\/2016\/11\/slider4.jpg\" class=\"sow-slider-background-image skip-lazy\" alt=\"\" decoding=\"async\" loading=\"eager\" srcset=\"https:\/\/www.lenastoehrfaktor.de\/wp-content\/uploads\/2016\/11\/slider4.jpg 960w, https:\/\/www.lenastoehrfaktor.de\/wp-content\/uploads\/2016\/11\/slider4-300x264.jpg 300w, https:\/\/www.lenastoehrfaktor.de\/wp-content\/uploads\/2016\/11\/slider4-768x675.jpg 768w, https:\/\/www.lenastoehrfaktor.de\/wp-content\/uploads\/2016\/11\/slider4-830x730.jpg 830w, https:\/\/www.lenastoehrfaktor.de\/wp-content\/uploads\/2016\/11\/slider4-230x202.jpg 230w, https:\/\/www.lenastoehrfaktor.de\/wp-content\/uploads\/2016\/11\/slider4-350x308.jpg 350w, https:\/\/www.lenastoehrfaktor.de\/wp-content\/uploads\/2016\/11\/slider4-480x422.jpg 480w\" sizes=\"(max-width: 960px) 100vw, 960px\" \/>\t\t\t\t\t\t\t\t<\/li>\n\t\t\t\t<li class=\"sow-slider-image\" style=\"\" >\n\t\t\t\t\t\t\t\t\t\t\t\t\t\t\t\t\t<\/li>\n\t\t<\/ul>\t\t\t\t<ol class=\"sow-slider-pagination\">\n\t\t\t\t\t\t\t\t\t\t\t<li><a href=\"#\" data-goto=\"0\" aria-label=\"display slide 1\"><\/a><\/li>\n\t\t\t\t\t\t\t\t\t\t\t<li><a href=\"#\" data-goto=\"1\" aria-label=\"display slide 2\"><\/a><\/li>\n\t\t\t\t\t\t\t\t\t\t\t<li><a href=\"#\" data-goto=\"2\" aria-label=\"display slide 3\"><\/a><\/li>\n\t\t\t\t\t\t\t\t\t\t\t<li><a href=\"#\" data-goto=\"3\" aria-label=\"display slide 4\"><\/a><\/li>\n\t\t\t\t\t\t\t\t\t\t\t<li><a href=\"#\" data-goto=\"4\" aria-label=\"display slide 5\"><\/a><\/li>\n\t\t\t\t\t\t\t\t\t<\/ol>\n\n\t\t\t\t<div class=\"sow-slide-nav sow-slide-nav-next\">\n\t\t\t\t\t<a href=\"#\" data-goto=\"next\" aria-label=\"next slide\" data-action=\"next\">\n\t\t\t\t\t\t<em class=\"sow-sld-icon-thin-right\"><\/em>\n\t\t\t\t\t<\/a>\n\t\t\t\t<\/div>\n\n\t\t\t\t<div class=\"sow-slide-nav sow-slide-nav-prev\">\n\t\t\t\t\t<a href=\"#\" data-goto=\"previous\" aria-label=\"previous slide\" data-action=\"prev\">\n\t\t\t\t\t\t<em class=\"sow-sld-icon-thin-left\"><\/em>\n\t\t\t\t\t<\/a>\n\t\t\t\t<\/div>\n\t\t\t\t<\/div><\/div><\/div><\/div><\/div><\/div><\/div><\/div>","protected":false},"excerpt":{"rendered":"<p>Foto: d.nietze Fotografie Authentizit\u00e4t, Hartn\u00e4ckigkeit und Haltung zeigen sind f\u00fcr Lena Stoehrfaktor [&hellip;]<\/p>\n","protected":false},"author":1,"featured_media":0,"parent":0,"menu_order":1,"comment_status":"closed","ping_status":"open","template":"page-templates\/page_fullwidth.php","meta":[],"_links":{"self":[{"href":"https:\/\/www.lenastoehrfaktor.de\/index.php?rest_route=\/wp\/v2\/pages\/71"}],"collection":[{"href":"https:\/\/www.lenastoehrfaktor.de\/index.php?rest_route=\/wp\/v2\/pages"}],"about":[{"href":"https:\/\/www.lenastoehrfaktor.de\/index.php?rest_route=\/wp\/v2\/types\/page"}],"author":[{"embeddable":true,"href":"https:\/\/www.lenastoehrfaktor.de\/index.php?rest_route=\/wp\/v2\/users\/1"}],"replies":[{"embeddable":true,"href":"https:\/\/www.lenastoehrfaktor.de\/index.php?rest_route=%2Fwp%2Fv2%2Fcomments&post=71"}],"version-history":[{"count":31,"href":"https:\/\/www.lenastoehrfaktor.de\/index.php?rest_route=\/wp\/v2\/pages\/71\/revisions"}],"predecessor-version":[{"id":97,"href":"https:\/\/www.lenastoehrfaktor.de\/index.php?rest_route=\/wp\/v2\/pages\/71\/revisions\/97"}],"wp:attachment":[{"href":"https:\/\/www.lenastoehrfaktor.de\/index.php?rest_route=%2Fwp%2Fv2%2Fmedia&parent=71"}],"curies":[{"name":"wp","href":"https:\/\/api.w.org\/{rel}","templated":true}]}}