{"id":1630,"date":"2026-04-04T19:16:56","date_gmt":"2026-04-04T17:16:56","guid":{"rendered":"https:\/\/www.lenastoehrfaktor.de\/?page_id=1630"},"modified":"2026-04-18T18:51:32","modified_gmt":"2026-04-18T16:51:32","slug":"aktuelle-livetermine","status":"publish","type":"page","link":"https:\/\/www.lenastoehrfaktor.de\/?page_id=1630","title":{"rendered":"AKTUELLE LIVETERMINE"},"content":{"rendered":"\n<figure class=\"wp-block-image size-large\"><a href=\"https:\/\/www.lenastoehrfaktor.de\/wp-content\/uploads\/2025\/02\/Lena-Stoehrfaktor-Livefoto-by-Mim-Schneider10-scaled-e1776530490595.jpg\"><img decoding=\"async\" loading=\"lazy\" width=\"1024\" height=\"820\" src=\"https:\/\/www.lenastoehrfaktor.de\/wp-content\/uploads\/2025\/02\/Lena-Stoehrfaktor-Livefoto-by-Mim-Schneider10-scaled-e1776530490595-1024x820.jpg\" alt=\"\" class=\"wp-image-1538\" srcset=\"https:\/\/www.lenastoehrfaktor.de\/wp-content\/uploads\/2025\/02\/Lena-Stoehrfaktor-Livefoto-by-Mim-Schneider10-scaled-e1776530490595-1024x820.jpg 1024w, https:\/\/www.lenastoehrfaktor.de\/wp-content\/uploads\/2025\/02\/Lena-Stoehrfaktor-Livefoto-by-Mim-Schneider10-scaled-e1776530490595-300x240.jpg 300w, https:\/\/www.lenastoehrfaktor.de\/wp-content\/uploads\/2025\/02\/Lena-Stoehrfaktor-Livefoto-by-Mim-Schneider10-scaled-e1776530490595-768x615.jpg 768w, https:\/\/www.lenastoehrfaktor.de\/wp-content\/uploads\/2025\/02\/Lena-Stoehrfaktor-Livefoto-by-Mim-Schneider10-scaled-e1776530490595-1536x1230.jpg 1536w, https:\/\/www.lenastoehrfaktor.de\/wp-content\/uploads\/2025\/02\/Lena-Stoehrfaktor-Livefoto-by-Mim-Schneider10-scaled-e1776530490595-1000x801.jpg 1000w, https:\/\/www.lenastoehrfaktor.de\/wp-content\/uploads\/2025\/02\/Lena-Stoehrfaktor-Livefoto-by-Mim-Schneider10-scaled-e1776530490595-230x184.jpg 230w, https:\/\/www.lenastoehrfaktor.de\/wp-content\/uploads\/2025\/02\/Lena-Stoehrfaktor-Livefoto-by-Mim-Schneider10-scaled-e1776530490595-350x280.jpg 350w, https:\/\/www.lenastoehrfaktor.de\/wp-content\/uploads\/2025\/02\/Lena-Stoehrfaktor-Livefoto-by-Mim-Schneider10-scaled-e1776530490595-480x384.jpg 480w, https:\/\/www.lenastoehrfaktor.de\/wp-content\/uploads\/2025\/02\/Lena-Stoehrfaktor-Livefoto-by-Mim-Schneider10-scaled-e1776530490595.jpg 1606w\" sizes=\"(max-width: 1024px) 100vw, 1024px\" \/><\/a><figcaption class=\"wp-element-caption\"><strong>&#8222;Schreit die Dinge nach drau\u00dfen, die euch unzufrieden machen!&#8220;<\/strong> <strong>&#8211; Die Angst vor den Gedanken verlieren<\/strong><\/figcaption><\/figure>\n\n\n\n<p><strong>Hier findest du (fast) alle anstehenden Livetermine von mir und ggf. die zugeh\u00f6rigen Links zu den jeweiligen Veranstaltungen und Tickets.<\/strong><br>Du m\u00f6chtest mich buchen? Schreibe mir eine Mail an booking@lenastoehrfaktor.de oder nutze das <a href=\"https:\/\/www.lenastoehrfaktor.de\/?page_id=1007\">Kontaktformular<\/a>.<\/p>\n\n\n\n<p><strong>Mai 2026<\/strong><br>16.5. Fight Back Festival, N\u00fcrnberg: <a href=\"https:\/\/fight-back.de\/#tickets\">Fightback \u2013 Antifa Festival since 2008<\/a><br>28.5. Tanztage, Potsdam: <a href=\"https:\/\/www.potsdamer-tanztage.de\/event\/1756\">Potsdamer Tanztage | Programm | Lena Stoehrfaktor (Berlin)<\/a><br>29.5. Betonkiste, Leipzig: <br>30.5. Neum\u00fcnster<\/p>\n\n\n\n<p><strong>Juni 2026<\/strong><br>06.06. Herne<br>13.6. Freiburg<\/p>\n\n\n\n<p>Disclaimer: <em>Unser Angebot enth\u00e4lt Links zu externen Websites Dritter, auf deren Inhalte wir keinen Einfluss haben. Deshalb k\u00f6nnen wir f\u00fcr diese fremden Inhalte auch keine Gew\u00e4hr \u00fcbernehmen. F\u00fcr die Inhalte der verlinkten Seiten ist stets der jeweilige Anbieter oder Betreiber der Seiten verantwortlich.<\/em><\/p>\n","protected":false},"excerpt":{"rendered":"<p>Hier findest du (fast) alle anstehenden Livetermine von mir und ggf. die [&hellip;]<\/p>\n","protected":false},"author":1,"featured_media":1538,"parent":0,"menu_order":0,"comment_status":"closed","ping_status":"closed","template":"","meta":[],"_links":{"self":[{"href":"https:\/\/www.lenastoehrfaktor.de\/index.php?rest_route=\/wp\/v2\/pages\/1630"}],"collection":[{"href":"https:\/\/www.lenastoehrfaktor.de\/index.php?rest_route=\/wp\/v2\/pages"}],"about":[{"href":"https:\/\/www.lenastoehrfaktor.de\/index.php?rest_route=\/wp\/v2\/types\/page"}],"author":[{"embeddable":true,"href":"https:\/\/www.lenastoehrfaktor.de\/index.php?rest_route=\/wp\/v2\/users\/1"}],"replies":[{"embeddable":true,"href":"https:\/\/www.lenastoehrfaktor.de\/index.php?rest_route=%2Fwp%2Fv2%2Fcomments&post=1630"}],"version-history":[{"count":6,"href":"https:\/\/www.lenastoehrfaktor.de\/index.php?rest_route=\/wp\/v2\/pages\/1630\/revisions"}],"predecessor-version":[{"id":1642,"href":"https:\/\/www.lenastoehrfaktor.de\/index.php?rest_route=\/wp\/v2\/pages\/1630\/revisions\/1642"}],"wp:featuredmedia":[{"embeddable":true,"href":"https:\/\/www.lenastoehrfaktor.de\/index.php?rest_route=\/wp\/v2\/media\/1538"}],"wp:attachment":[{"href":"https:\/\/www.lenastoehrfaktor.de\/index.php?rest_route=%2Fwp%2Fv2%2Fmedia&parent=1630"}],"curies":[{"name":"wp","href":"https:\/\/api.w.org\/{rel}","templated":true}]}}